{"id":1512,"date":"2021-05-27T09:34:25","date_gmt":"2021-05-27T07:34:25","guid":{"rendered":"https:\/\/camping.anticaabbazia.com\/?page_id=1512"},"modified":"2021-05-27T09:50:42","modified_gmt":"2021-05-27T07:50:42","slug":"services","status":"publish","type":"page","link":"https:\/\/camping.anticaabbazia.com\/de\/services\/","title":{"rendered":"Services"},"content":{"rendered":"\n<h1>DER SANTAFELICITA CAMPINGPLATZ<\/h1>\n\n\n\n<p><strong>Der Santafelicita Campingplatz<\/strong>&nbsp;ist eine moderne Struktur in&nbsp;<strong>Borso del Grappa<\/strong>.<\/p>\n\n\n\n<p>Der Campingplatz&nbsp;<strong>bietet 38 Stellpl\u00e4tze<\/strong>&nbsp;f\u00fcr&nbsp;<strong>Camper<\/strong>,&nbsp;<strong>Wohnw\u00e4gen<\/strong>&nbsp;und&nbsp;<strong>Zelte<\/strong>&nbsp;f\u00fcr insgesamt 133 Personen.<\/p>\n\n\n\n<p>Die Stellpl\u00e4tze sind mit Wasser- und Stromversorgung ausgestattet.<\/p>\n\n\n\n<p>Der hochmoderne Campingplatz ist mit&nbsp;<strong>Duschen<\/strong>, einem&nbsp;<strong>Wickelraum<\/strong>, einem behinderten gerechten&nbsp;<strong>Bad<\/strong>, Sp\u00fclmaschine,&nbsp;<strong>Waschk\u00fcche<\/strong>,&nbsp;<strong>Spielplatz<\/strong>, Campingservice sowie kostenlosem WiFi ausgestattet.<\/p>\n\n\n\n<p>Wir sind&nbsp;<strong>ganzj\u00e4hrig<\/strong>&nbsp;<strong>ge\u00f6ffnet<\/strong>.<\/p>\n\n\n\n<h4><strong>Zus\u00e4tzlicher Service<\/strong>:<\/h4>\n\n\n\n<figure class=\"wp-block-table\"><table><tbody><tr><td><\/td><td><strong>Kostenloses WiFi<\/strong><\/td><td><img loading=\"lazy\" src=\"http:\/\/camping.anticaabbazia.com\/content\/uploads\/2018\/10\/wifi2.png\" alt=\"\" width=\"60\" height=\"40\"><\/td><\/tr><tr><td><\/td><td><strong>Nutzung von Duschen und Toiletten inklusive<\/strong><\/td><td><strong><\/strong><\/td><\/tr><tr><td><\/td><td><strong>Verg\u00fcnstigungen im anliegendem Restaurant<\/strong><\/td><td><strong><\/strong><\/td><\/tr><tr><td><\/td><td><strong>Stromnutzung mit inbegriffen<\/strong><\/td><td><img loading=\"lazy\" src=\"http:\/\/camping.anticaabbazia.com\/content\/uploads\/2018\/10\/elettricit%C3%A01.png\" alt=\"\" width=\"60\" height=\"40\"><\/td><\/tr><tr><td><\/td><td><strong>Der Camper Service<\/strong>&nbsp;ist f\u00fcr G\u00e4ste, die auf dem Campingplatz wohnen im Preis&nbsp;<strong>inbegriffen<\/strong>, f\u00fcr G\u00e4ste von Aussen ist er kostenpflichtig<\/td><td><img loading=\"lazy\" src=\"http:\/\/camping.anticaabbazia.com\/content\/uploads\/2018\/10\/camper.png\" alt=\"\" width=\"60\" height=\"40\"><\/td><\/tr><\/tbody><\/table><\/figure>\n","protected":false},"excerpt":{"rendered":"<p>DER SANTAFELICITA CAMPINGPLATZ Der Santafelicita Campingplatz&nbsp;ist eine moderne Struktur in&nbsp;Borso del Grappa. Der Campingplatz&nbsp;bietet 38 Stellpl\u00e4tze&nbsp;f\u00fcr&nbsp;Camper,&nbsp;Wohnw\u00e4gen&nbsp;und&nbsp;Zelte&nbsp;f\u00fcr insgesamt 133 Personen. Die Stellpl\u00e4tze sind mit Wasser- und Stromversorgung ausgestattet. Der hochmoderne Campingplatz ist mit&nbsp;Duschen, einem&nbsp;Wickelraum, einem behinderten gerechten&nbsp;Bad, Sp\u00fclmaschine,&nbsp;Waschk\u00fcche,&nbsp;Spielplatz, Campingservice sowie kostenlosem WiFi ausgestattet. Wir sind&nbsp;ganzj\u00e4hrig&nbsp;ge\u00f6ffnet. Zus\u00e4tzlicher Service: Kostenloses WiFi Nutzung von Duschen und Toiletten inklusive Verg\u00fcnstigungen [&hellip;]<\/p>\n","protected":false},"author":1,"featured_media":0,"parent":0,"menu_order":0,"comment_status":"closed","ping_status":"closed","template":"","meta":[],"yoast_head":"<!-- This site is optimized with the Yoast SEO plugin v16.2 - https:\/\/yoast.com\/wordpress\/plugins\/seo\/ -->\n<meta name=\"robots\" content=\"index, follow, max-snippet:-1, max-image-preview:large, max-video-preview:-1\" \/>\n<link rel=\"canonical\" href=\"https:\/\/camping.anticaabbazia.com\/de\/services\/\" \/>\n<meta property=\"og:locale\" content=\"de_DE\" \/>\n<meta property=\"og:type\" content=\"article\" \/>\n<meta property=\"og:title\" content=\"Services | Camping SantaFelicita\" \/>\n<meta property=\"og:description\" content=\"DER SANTAFELICITA CAMPINGPLATZ Der Santafelicita Campingplatz&nbsp;ist eine moderne Struktur in&nbsp;Borso del Grappa. Der Campingplatz&nbsp;bietet 38 Stellpl\u00e4tze&nbsp;f\u00fcr&nbsp;Camper,&nbsp;Wohnw\u00e4gen&nbsp;und&nbsp;Zelte&nbsp;f\u00fcr insgesamt 133 Personen. Die Stellpl\u00e4tze sind mit Wasser- und Stromversorgung ausgestattet. Der hochmoderne Campingplatz ist mit&nbsp;Duschen, einem&nbsp;Wickelraum, einem behinderten gerechten&nbsp;Bad, Sp\u00fclmaschine,&nbsp;Waschk\u00fcche,&nbsp;Spielplatz, Campingservice sowie kostenlosem WiFi ausgestattet. Wir sind&nbsp;ganzj\u00e4hrig&nbsp;ge\u00f6ffnet. Zus\u00e4tzlicher Service: Kostenloses WiFi Nutzung von Duschen und Toiletten inklusive Verg\u00fcnstigungen [&hellip;]\" \/>\n<meta property=\"og:url\" content=\"https:\/\/camping.anticaabbazia.com\/de\/services\/\" \/>\n<meta property=\"og:site_name\" content=\"Camping SantaFelicita\" \/>\n<meta property=\"article:publisher\" content=\"https:\/\/www.facebook.com\/ristoranteanticaabbazia\/\" \/>\n<meta property=\"article:modified_time\" content=\"2021-05-27T07:50:42+00:00\" \/>\n<meta property=\"og:image\" content=\"http:\/\/camping.anticaabbazia.com\/content\/uploads\/2018\/10\/wifi2.png\" \/>\n<meta name=\"twitter:card\" content=\"summary_large_image\" \/>\n<meta name=\"twitter:label1\" content=\"Gesch\u00e4tzte Lesezeit\">\n\t<meta name=\"twitter:data1\" content=\"2\u00a0Minuten\">\n<script type=\"application\/ld+json\" class=\"yoast-schema-graph\">{\"@context\":\"https:\/\/schema.org\",\"@graph\":[{\"@type\":\"Organization\",\"@id\":\"https:\/\/camping.anticaabbazia.com\/#organization\",\"name\":\"Ristorante Antica Abbazia Borso del Grappa\",\"url\":\"https:\/\/camping.anticaabbazia.com\/\",\"sameAs\":[\"https:\/\/www.facebook.com\/ristoranteanticaabbazia\/\",\"https:\/\/www.instagram.com\/anticaabbazia\/\"],\"logo\":{\"@type\":\"ImageObject\",\"@id\":\"https:\/\/camping.anticaabbazia.com\/#logo\",\"inLanguage\":\"de\",\"url\":\"https:\/\/camping.anticaabbazia.com\/wp-content\/uploads\/2020\/05\/02_LOGO_R-e1589958779306.png\",\"contentUrl\":\"https:\/\/camping.anticaabbazia.com\/wp-content\/uploads\/2020\/05\/02_LOGO_R-e1589958779306.png\",\"width\":103,\"height\":70,\"caption\":\"Ristorante Antica Abbazia Borso del Grappa\"},\"image\":{\"@id\":\"https:\/\/camping.anticaabbazia.com\/#logo\"}},{\"@type\":\"WebSite\",\"@id\":\"https:\/\/camping.anticaabbazia.com\/#website\",\"url\":\"https:\/\/camping.anticaabbazia.com\/\",\"name\":\"Ristorante Antica Abbazia - Borso del Grappa\",\"description\":\"una vacanza all\\u2019insegna dell\\u2019immersione nella natura\",\"publisher\":{\"@id\":\"https:\/\/camping.anticaabbazia.com\/#organization\"},\"potentialAction\":[{\"@type\":\"SearchAction\",\"target\":\"https:\/\/camping.anticaabbazia.com\/?s={search_term_string}\",\"query-input\":\"required name=search_term_string\"}],\"inLanguage\":\"de\"},{\"@type\":\"ImageObject\",\"@id\":\"https:\/\/camping.anticaabbazia.com\/de\/services\/#primaryimage\",\"inLanguage\":\"de\",\"url\":\"http:\/\/camping.anticaabbazia.com\/content\/uploads\/2018\/10\/wifi2.png\",\"contentUrl\":\"http:\/\/camping.anticaabbazia.com\/content\/uploads\/2018\/10\/wifi2.png\"},{\"@type\":\"WebPage\",\"@id\":\"https:\/\/camping.anticaabbazia.com\/de\/services\/#webpage\",\"url\":\"https:\/\/camping.anticaabbazia.com\/de\/services\/\",\"name\":\"Services | Camping SantaFelicita\",\"isPartOf\":{\"@id\":\"https:\/\/camping.anticaabbazia.com\/#website\"},\"primaryImageOfPage\":{\"@id\":\"https:\/\/camping.anticaabbazia.com\/de\/services\/#primaryimage\"},\"datePublished\":\"2021-05-27T07:34:25+00:00\",\"dateModified\":\"2021-05-27T07:50:42+00:00\",\"breadcrumb\":{\"@id\":\"https:\/\/camping.anticaabbazia.com\/de\/services\/#breadcrumb\"},\"inLanguage\":\"de\",\"potentialAction\":[{\"@type\":\"ReadAction\",\"target\":[\"https:\/\/camping.anticaabbazia.com\/de\/services\/\"]}]},{\"@type\":\"BreadcrumbList\",\"@id\":\"https:\/\/camping.anticaabbazia.com\/de\/services\/#breadcrumb\",\"itemListElement\":[{\"@type\":\"ListItem\",\"position\":1,\"item\":{\"@type\":\"WebPage\",\"@id\":\"https:\/\/camping.anticaabbazia.com\/de\/\",\"url\":\"https:\/\/camping.anticaabbazia.com\/de\/\",\"name\":\"Home\"}},{\"@type\":\"ListItem\",\"position\":2,\"item\":{\"@id\":\"https:\/\/camping.anticaabbazia.com\/de\/services\/#webpage\"}}]}]}<\/script>\n<!-- \/ Yoast SEO plugin. -->","_links":{"self":[{"href":"https:\/\/camping.anticaabbazia.com\/de\/wp-json\/wp\/v2\/pages\/1512"}],"collection":[{"href":"https:\/\/camping.anticaabbazia.com\/de\/wp-json\/wp\/v2\/pages"}],"about":[{"href":"https:\/\/camping.anticaabbazia.com\/de\/wp-json\/wp\/v2\/types\/page"}],"author":[{"embeddable":true,"href":"https:\/\/camping.anticaabbazia.com\/de\/wp-json\/wp\/v2\/users\/1"}],"replies":[{"embeddable":true,"href":"https:\/\/camping.anticaabbazia.com\/de\/wp-json\/wp\/v2\/comments?post=1512"}],"version-history":[{"count":2,"href":"https:\/\/camping.anticaabbazia.com\/de\/wp-json\/wp\/v2\/pages\/1512\/revisions"}],"predecessor-version":[{"id":1519,"href":"https:\/\/camping.anticaabbazia.com\/de\/wp-json\/wp\/v2\/pages\/1512\/revisions\/1519"}],"wp:attachment":[{"href":"https:\/\/camping.anticaabbazia.com\/de\/wp-json\/wp\/v2\/media?parent=1512"}],"curies":[{"name":"wp","href":"https:\/\/api.w.org\/{rel}","templated":true}]}}