{"id":1538,"date":"2021-05-27T09:43:00","date_gmt":"2021-05-27T07:43:00","guid":{"rendered":"https:\/\/camping.anticaabbazia.com\/contacts\/"},"modified":"2022-12-15T18:11:16","modified_gmt":"2022-12-15T17:11:16","slug":"kontakt","status":"publish","type":"page","link":"https:\/\/camping.anticaabbazia.com\/de\/kontakt\/","title":{"rendered":"KONTAKT"},"content":{"rendered":"\n<div class=\"wp-block-columns\">\n<div class=\"wp-block-column\">\n<p>KONTAKT<\/p>\n\n\n\n<p>Via Cenghia 82,<br>31030, Borso del Grappa (TV)<br>Italy<\/p>\n\n\n\n<p><a href=\"mailto:info@anticaabbazia.com\">info@anticaabbazia.com<\/a><\/p>\n<\/div>\n\n\n\n<div class=\"wp-block-column\">\n<p>\u00d6FFNUNGSZEITEN<\/p>\n\n\n\n<p>REZEPTION: 7.30 &#8211; 23.00<\/p>\n\n\n\n<p>FR\u00dcHST\u00dcCKSZEIT: 7.30 -10.30<\/p>\n\n\n\n<p>RESTAURANT:<br>Montag \u2013 Freitag: 18.30 -22.30<br>Samstag und Sonntag: 12.00 &#8211; 14.30<br>                   18.30 &#8211; 22.30   <\/p>\n<\/div>\n\n\n\n<div class=\"wp-block-column\">\n<p>SIE FINDEN UNS AUF:<\/p>\n\n\n\n<ul class=\"wp-block-social-links is-style-default\"><li class=\"wp-social-link wp-social-link-facebook wp-block-social-link\"><a href=\"https:\/\/www.facebook.com\/pages\/L-Antica-Abbazia\/169518976435228?ref=hl\" aria-label=\"Facebook\" rel=\"noopener nofollow\" target=\"_blank\" class=\"wp-block-social-link-anchor\"> <svg width=\"24\" height=\"24\" viewBox=\"0 0 24 24\" version=\"1.1\" xmlns=\"http:\/\/www.w3.org\/2000\/svg\" role=\"img\" aria-hidden=\"true\" focusable=\"false\"><path d=\"M12 2C6.5 2 2 6.5 2 12c0 5 3.7 9.1 8.4 9.9v-7H7.9V12h2.5V9.8c0-2.5 1.5-3.9 3.8-3.9 1.1 0 2.2.2 2.2.2v2.5h-1.3c-1.2 0-1.6.8-1.6 1.6V12h2.8l-.4 2.9h-2.3v7C18.3 21.1 22 17 22 12c0-5.5-4.5-10-10-10z\"><\/path><\/svg><\/a><\/li>\n\n<li class=\"wp-social-link wp-social-link-instagram wp-block-social-link\"><a href=\"https:\/\/www.instagram.com\/anticaabbazia\/\" aria-label=\"Instagram\" rel=\"noopener nofollow\" target=\"_blank\" class=\"wp-block-social-link-anchor\"> <svg width=\"24\" height=\"24\" viewBox=\"0 0 24 24\" version=\"1.1\" xmlns=\"http:\/\/www.w3.org\/2000\/svg\" role=\"img\" aria-hidden=\"true\" focusable=\"false\"><path d=\"M12,4.622c2.403,0,2.688,0.009,3.637,0.052c0.877,0.04,1.354,0.187,1.671,0.31c0.42,0.163,0.72,0.358,1.035,0.673 c0.315,0.315,0.51,0.615,0.673,1.035c0.123,0.317,0.27,0.794,0.31,1.671c0.043,0.949,0.052,1.234,0.052,3.637 s-0.009,2.688-0.052,3.637c-0.04,0.877-0.187,1.354-0.31,1.671c-0.163,0.42-0.358,0.72-0.673,1.035 c-0.315,0.315-0.615,0.51-1.035,0.673c-0.317,0.123-0.794,0.27-1.671,0.31c-0.949,0.043-1.233,0.052-3.637,0.052 s-2.688-0.009-3.637-0.052c-0.877-0.04-1.354-0.187-1.671-0.31c-0.42-0.163-0.72-0.358-1.035-0.673 c-0.315-0.315-0.51-0.615-0.673-1.035c-0.123-0.317-0.27-0.794-0.31-1.671C4.631,14.688,4.622,14.403,4.622,12 s0.009-2.688,0.052-3.637c0.04-0.877,0.187-1.354,0.31-1.671c0.163-0.42,0.358-0.72,0.673-1.035 c0.315-0.315,0.615-0.51,1.035-0.673c0.317-0.123,0.794-0.27,1.671-0.31C9.312,4.631,9.597,4.622,12,4.622 M12,3 C9.556,3,9.249,3.01,8.289,3.054C7.331,3.098,6.677,3.25,6.105,3.472C5.513,3.702,5.011,4.01,4.511,4.511 c-0.5,0.5-0.808,1.002-1.038,1.594C3.25,6.677,3.098,7.331,3.054,8.289C3.01,9.249,3,9.556,3,12c0,2.444,0.01,2.751,0.054,3.711 c0.044,0.958,0.196,1.612,0.418,2.185c0.23,0.592,0.538,1.094,1.038,1.594c0.5,0.5,1.002,0.808,1.594,1.038 c0.572,0.222,1.227,0.375,2.185,0.418C9.249,20.99,9.556,21,12,21s2.751-0.01,3.711-0.054c0.958-0.044,1.612-0.196,2.185-0.418 c0.592-0.23,1.094-0.538,1.594-1.038c0.5-0.5,0.808-1.002,1.038-1.594c0.222-0.572,0.375-1.227,0.418-2.185 C20.99,14.751,21,14.444,21,12s-0.01-2.751-0.054-3.711c-0.044-0.958-0.196-1.612-0.418-2.185c-0.23-0.592-0.538-1.094-1.038-1.594 c-0.5-0.5-1.002-0.808-1.594-1.038c-0.572-0.222-1.227-0.375-2.185-0.418C14.751,3.01,14.444,3,12,3L12,3z M12,7.378 c-2.552,0-4.622,2.069-4.622,4.622S9.448,16.622,12,16.622s4.622-2.069,4.622-4.622S14.552,7.378,12,7.378z M12,15 c-1.657,0-3-1.343-3-3s1.343-3,3-3s3,1.343,3,3S13.657,15,12,15z M16.804,6.116c-0.596,0-1.08,0.484-1.08,1.08 s0.484,1.08,1.08,1.08c0.596,0,1.08-0.484,1.08-1.08S17.401,6.116,16.804,6.116z\"><\/path><\/svg><\/a><\/li>\n\n<li class=\"wp-social-link wp-social-link-google wp-block-social-link\"><a href=\"https:\/\/g.page\/hotel-antica-abbazia-tv?share\" aria-label=\"Google\" rel=\"noopener nofollow\" target=\"_blank\" class=\"wp-block-social-link-anchor\"> <svg width=\"24\" height=\"24\" viewBox=\"0 0 24 24\" version=\"1.1\" xmlns=\"http:\/\/www.w3.org\/2000\/svg\" role=\"img\" aria-hidden=\"true\" focusable=\"false\"><path d=\"M12.02,10.18v3.72v0.01h5.51c-0.26,1.57-1.67,4.22-5.5,4.22c-3.31,0-6.01-2.75-6.01-6.12s2.7-6.12,6.01-6.12 c1.87,0,3.13,0.8,3.85,1.48l2.84-2.76C16.99,2.99,14.73,2,12.03,2c-5.52,0-10,4.48-10,10s4.48,10,10,10c5.77,0,9.6-4.06,9.6-9.77 c0-0.83-0.11-1.42-0.25-2.05H12.02z\"><\/path><\/svg><\/a><\/li><\/ul>\n<\/div>\n<\/div>\n\n\n\n<div style=\"height:20px\" aria-hidden=\"true\" class=\"wp-block-spacer\"><\/div>\n\n\n\n<iframe src=\"https:\/\/www.google.com\/maps\/embed?pb=!1m14!1m8!1m3!1d11124.283688226777!2d11.762003!3d45.809838!3m2!1i1024!2i768!4f13.1!3m3!1m2!1s0x0%3A0x235a3b9f7650a4eb!2sCamping%20Santafelicita%20-%20campeggio%20a%20Borso%20del%20Grappa%20(Bassano%20del%20Grappa)%20con%20ristorante!5e0!3m2!1sit!2sit!4v1668180009548!5m2!1sit!2sit\" width=\"100%\" height=\"600\" style=\"border:0;\" allowfullscreen=\"\" loading=\"lazy\" referrerpolicy=\"no-referrer-when-downgrade\"><\/iframe>\n\n\n\n<p>     <\/p>\n\n\n\n<p><\/p>\n","protected":false},"excerpt":{"rendered":"<p>KONTAKT Via Cenghia 82,31030, Borso del Grappa (TV)Italy info@anticaabbazia.com \u00d6FFNUNGSZEITEN REZEPTION: 7.30 &#8211; 23.00 FR\u00dcHST\u00dcCKSZEIT: 7.30 -10.30 RESTAURANT:Montag \u2013 Freitag: 18.30 -22.30Samstag und Sonntag: 12.00 &#8211; 14.30 18.30 &#8211; 22.30 SIE FINDEN UNS AUF:<\/p>\n","protected":false},"author":1,"featured_media":0,"parent":0,"menu_order":0,"comment_status":"closed","ping_status":"closed","template":"","meta":[],"yoast_head":"<!-- This site is optimized with the Yoast SEO plugin v16.2 - https:\/\/yoast.com\/wordpress\/plugins\/seo\/ -->\n<meta name=\"robots\" content=\"index, follow, max-snippet:-1, max-image-preview:large, max-video-preview:-1\" \/>\n<link rel=\"canonical\" href=\"https:\/\/camping.anticaabbazia.com\/de\/kontakt\/\" \/>\n<meta property=\"og:locale\" content=\"de_DE\" \/>\n<meta property=\"og:type\" content=\"article\" \/>\n<meta property=\"og:title\" content=\"KONTAKT | Camping SantaFelicita\" \/>\n<meta property=\"og:description\" content=\"KONTAKT Via Cenghia 82,31030, Borso del Grappa (TV)Italy info@anticaabbazia.com \u00d6FFNUNGSZEITEN REZEPTION: 7.30 &#8211; 23.00 FR\u00dcHST\u00dcCKSZEIT: 7.30 -10.30 RESTAURANT:Montag \u2013 Freitag: 18.30 -22.30Samstag und Sonntag: 12.00 &#8211; 14.30 18.30 &#8211; 22.30 SIE FINDEN UNS AUF:\" \/>\n<meta property=\"og:url\" content=\"https:\/\/camping.anticaabbazia.com\/de\/kontakt\/\" \/>\n<meta property=\"og:site_name\" content=\"Camping SantaFelicita\" \/>\n<meta property=\"article:publisher\" content=\"https:\/\/www.facebook.com\/ristoranteanticaabbazia\/\" \/>\n<meta property=\"article:modified_time\" content=\"2022-12-15T17:11:16+00:00\" \/>\n<meta name=\"twitter:card\" content=\"summary_large_image\" \/>\n<meta name=\"twitter:label1\" content=\"Gesch\u00e4tzte Lesezeit\">\n\t<meta name=\"twitter:data1\" content=\"1\u00a0Minute\">\n<script type=\"application\/ld+json\" class=\"yoast-schema-graph\">{\"@context\":\"https:\/\/schema.org\",\"@graph\":[{\"@type\":\"Organization\",\"@id\":\"https:\/\/camping.anticaabbazia.com\/#organization\",\"name\":\"Ristorante Antica Abbazia Borso del Grappa\",\"url\":\"https:\/\/camping.anticaabbazia.com\/\",\"sameAs\":[\"https:\/\/www.facebook.com\/ristoranteanticaabbazia\/\",\"https:\/\/www.instagram.com\/anticaabbazia\/\"],\"logo\":{\"@type\":\"ImageObject\",\"@id\":\"https:\/\/camping.anticaabbazia.com\/#logo\",\"inLanguage\":\"de\",\"url\":\"https:\/\/camping.anticaabbazia.com\/wp-content\/uploads\/2020\/05\/02_LOGO_R-e1589958779306.png\",\"contentUrl\":\"https:\/\/camping.anticaabbazia.com\/wp-content\/uploads\/2020\/05\/02_LOGO_R-e1589958779306.png\",\"width\":103,\"height\":70,\"caption\":\"Ristorante Antica Abbazia Borso del Grappa\"},\"image\":{\"@id\":\"https:\/\/camping.anticaabbazia.com\/#logo\"}},{\"@type\":\"WebSite\",\"@id\":\"https:\/\/camping.anticaabbazia.com\/#website\",\"url\":\"https:\/\/camping.anticaabbazia.com\/\",\"name\":\"Ristorante Antica Abbazia - Borso del Grappa\",\"description\":\"una vacanza all\\u2019insegna dell\\u2019immersione nella natura\",\"publisher\":{\"@id\":\"https:\/\/camping.anticaabbazia.com\/#organization\"},\"potentialAction\":[{\"@type\":\"SearchAction\",\"target\":\"https:\/\/camping.anticaabbazia.com\/?s={search_term_string}\",\"query-input\":\"required name=search_term_string\"}],\"inLanguage\":\"de\"},{\"@type\":\"WebPage\",\"@id\":\"https:\/\/camping.anticaabbazia.com\/de\/kontakt\/#webpage\",\"url\":\"https:\/\/camping.anticaabbazia.com\/de\/kontakt\/\",\"name\":\"KONTAKT | Camping SantaFelicita\",\"isPartOf\":{\"@id\":\"https:\/\/camping.anticaabbazia.com\/#website\"},\"datePublished\":\"2021-05-27T07:43:00+00:00\",\"dateModified\":\"2022-12-15T17:11:16+00:00\",\"breadcrumb\":{\"@id\":\"https:\/\/camping.anticaabbazia.com\/de\/kontakt\/#breadcrumb\"},\"inLanguage\":\"de\",\"potentialAction\":[{\"@type\":\"ReadAction\",\"target\":[\"https:\/\/camping.anticaabbazia.com\/de\/kontakt\/\"]}]},{\"@type\":\"BreadcrumbList\",\"@id\":\"https:\/\/camping.anticaabbazia.com\/de\/kontakt\/#breadcrumb\",\"itemListElement\":[{\"@type\":\"ListItem\",\"position\":1,\"item\":{\"@type\":\"WebPage\",\"@id\":\"https:\/\/camping.anticaabbazia.com\/de\/\",\"url\":\"https:\/\/camping.anticaabbazia.com\/de\/\",\"name\":\"Home\"}},{\"@type\":\"ListItem\",\"position\":2,\"item\":{\"@id\":\"https:\/\/camping.anticaabbazia.com\/de\/kontakt\/#webpage\"}}]}]}<\/script>\n<!-- \/ Yoast SEO plugin. -->","_links":{"self":[{"href":"https:\/\/camping.anticaabbazia.com\/de\/wp-json\/wp\/v2\/pages\/1538"}],"collection":[{"href":"https:\/\/camping.anticaabbazia.com\/de\/wp-json\/wp\/v2\/pages"}],"about":[{"href":"https:\/\/camping.anticaabbazia.com\/de\/wp-json\/wp\/v2\/types\/page"}],"author":[{"embeddable":true,"href":"https:\/\/camping.anticaabbazia.com\/de\/wp-json\/wp\/v2\/users\/1"}],"replies":[{"embeddable":true,"href":"https:\/\/camping.anticaabbazia.com\/de\/wp-json\/wp\/v2\/comments?post=1538"}],"version-history":[{"count":2,"href":"https:\/\/camping.anticaabbazia.com\/de\/wp-json\/wp\/v2\/pages\/1538\/revisions"}],"predecessor-version":[{"id":2423,"href":"https:\/\/camping.anticaabbazia.com\/de\/wp-json\/wp\/v2\/pages\/1538\/revisions\/2423"}],"wp:attachment":[{"href":"https:\/\/camping.anticaabbazia.com\/de\/wp-json\/wp\/v2\/media?parent=1538"}],"curies":[{"name":"wp","href":"https:\/\/api.w.org\/{rel}","templated":true}]}}