{"id":1544,"date":"2021-05-27T09:43:56","date_gmt":"2021-05-27T07:43:56","guid":{"rendered":"https:\/\/camping.anticaabbazia.com\/come-arrivare\/"},"modified":"2021-05-27T09:47:50","modified_gmt":"2021-05-27T07:47:50","slug":"gebrauchsanweisung","status":"publish","type":"page","link":"https:\/\/camping.anticaabbazia.com\/de\/gebrauchsanweisung\/","title":{"rendered":"Anfahrt"},"content":{"rendered":"\n<p><strong>Von der A31- Valdastico Autobahn:<\/strong>&nbsp;nehmen Sie die Ausfahrt Dueville und fahren Sie dann weiter in Richtung Vicenza \u2013 Bassano. Halten Sie sich in Richtung Bassano del Grappa, bis Sie auf die Schnellstrasse in Richtung Trento kommen. Bleiben Sie auf der Schnellstrasse und fahren Sie an der Ausfahrt Romano D\u2019Ezzelino \u2013 Cima Grappa raus. Dann fahren Sie weiter in Richtung Borso del Grappa. Sie kommen an einem grossen Schild mit den Worten \u201cBenvenuti nella Provincia di Treviso\u201d vorbei. F\u00fcnfzig Meter weiter biegen Sie links in die Via Valentinetti ein, dann nach links in die Via Casale Nuovo und schlie\u00dflich rechts in die Via Corte. Am Ende der Stra\u00dfe erreichen Sie den gro\u00dfen Parkplatz, der zum Hotel Antica Abbazia und dessen Restaurant geh\u00f6rt.<strong><br>Von Bozen:<\/strong>&nbsp;von Trento her kommend, nehmen Sie die Schnellstrasse SP47 in Richtung Bassano Padova. Fahren Sie an der Ausfahrt Romano D\u2019Ezzelino \u2013 Cima Grappa raus und dann weiter in Richtung Borso del Grappa bis Sie an einem grossen Schild mit den Worten \u201cBenvenuti nella Provincia di Treviso\u201d vorbei kommen. F\u00fcnfzig Meter weiter biegen Sie links in die Via Valentinetti ein, dann nach links in die Via Casale Nuovo und schlie\u00dflich rechts in die Via Corte. Am Ende der Stra\u00dfe erreichen Sie den gro\u00dfen Parkplatz, der zum Hotel Antica Abbazia und dessen Restaurant geh\u00f6rt. Von Feltre: Fahren Sie in Richtung Treviso. Wenn Sie auf der H\u00f6he Pederobba sind, biegen Sie rechts auf die Landstrasse Via Valcavasia ein und folgen Sie dieser weiter in Richtung Crespano. Wenn Sie durch Borso del Grappa kommen, sehen Sie eine ERG-Tankstelle auf der linken Seite. Nach ca. 300 m rechts in die Via Valentinetti abbiegen, dann links in die Via Casale Nuovo und schlie\u00dflich rechts in die Via Corte. Am Ende der Stra\u00dfe erreichen Sie den gro\u00dfen Parkplatz, der zum Hotel Antica Abbazia und dessen Restaurant geh\u00f6rt.<strong>Von Treviso:<\/strong>&nbsp;Fahren Sie in Richtung Montebelluna und nach Montebelluna weiter in Richtung Bassano; dann fahren Sie durch Asolo und Fonte weiter geradeaus, bis zum Kreisverkehr von Mussolente. Dort biegen Sie rechts ab in Richtung Borso del Grappa. Nach ca. 3 km steigt die Strasse an und Sie kommen an eine Kreuzung. Biegen Sie links ab und fahren Sie weiter, bis Sie an einer ERG Tankstelle vorbeifahren. Nach ca. 300 biegen Sie rechts in die Via Valentinetti ab, dann links in die Via Casale Nuovo und schlie\u00dflich rechts in die Via Corte. Am Ende der Stra\u00dfe erreichen Sie den gro\u00dfen Parkplatz, der zum Hotel Antica Abbazia und dessen Restaurant geh\u00f6rt.<\/p>\n","protected":false},"excerpt":{"rendered":"<p>Von der A31- Valdastico Autobahn:&nbsp;nehmen Sie die Ausfahrt Dueville und fahren Sie dann weiter in Richtung Vicenza \u2013 Bassano. Halten Sie sich in Richtung Bassano del Grappa, bis Sie auf die Schnellstrasse in Richtung Trento kommen. Bleiben Sie auf der Schnellstrasse und fahren Sie an der Ausfahrt Romano D\u2019Ezzelino \u2013 Cima Grappa raus. Dann fahren [&hellip;]<\/p>\n","protected":false},"author":1,"featured_media":0,"parent":0,"menu_order":0,"comment_status":"closed","ping_status":"closed","template":"","meta":[],"yoast_head":"<!-- This site is optimized with the Yoast SEO plugin v16.2 - https:\/\/yoast.com\/wordpress\/plugins\/seo\/ -->\n<meta name=\"robots\" content=\"index, follow, max-snippet:-1, max-image-preview:large, max-video-preview:-1\" \/>\n<link rel=\"canonical\" href=\"https:\/\/camping.anticaabbazia.com\/de\/gebrauchsanweisung\/\" \/>\n<meta property=\"og:locale\" content=\"de_DE\" \/>\n<meta property=\"og:type\" content=\"article\" \/>\n<meta property=\"og:title\" content=\"Anfahrt | Camping SantaFelicita\" \/>\n<meta property=\"og:description\" content=\"Von der A31- Valdastico Autobahn:&nbsp;nehmen Sie die Ausfahrt Dueville und fahren Sie dann weiter in Richtung Vicenza \u2013 Bassano. Halten Sie sich in Richtung Bassano del Grappa, bis Sie auf die Schnellstrasse in Richtung Trento kommen. Bleiben Sie auf der Schnellstrasse und fahren Sie an der Ausfahrt Romano D\u2019Ezzelino \u2013 Cima Grappa raus. Dann fahren [&hellip;]\" \/>\n<meta property=\"og:url\" content=\"https:\/\/camping.anticaabbazia.com\/de\/gebrauchsanweisung\/\" \/>\n<meta property=\"og:site_name\" content=\"Camping SantaFelicita\" \/>\n<meta property=\"article:publisher\" content=\"https:\/\/www.facebook.com\/ristoranteanticaabbazia\/\" \/>\n<meta property=\"article:modified_time\" content=\"2021-05-27T07:47:50+00:00\" \/>\n<meta name=\"twitter:card\" content=\"summary_large_image\" \/>\n<meta name=\"twitter:label1\" content=\"Gesch\u00e4tzte Lesezeit\">\n\t<meta name=\"twitter:data1\" content=\"2\u00a0Minuten\">\n<script type=\"application\/ld+json\" class=\"yoast-schema-graph\">{\"@context\":\"https:\/\/schema.org\",\"@graph\":[{\"@type\":\"Organization\",\"@id\":\"https:\/\/camping.anticaabbazia.com\/#organization\",\"name\":\"Ristorante Antica Abbazia Borso del Grappa\",\"url\":\"https:\/\/camping.anticaabbazia.com\/\",\"sameAs\":[\"https:\/\/www.facebook.com\/ristoranteanticaabbazia\/\",\"https:\/\/www.instagram.com\/anticaabbazia\/\"],\"logo\":{\"@type\":\"ImageObject\",\"@id\":\"https:\/\/camping.anticaabbazia.com\/#logo\",\"inLanguage\":\"de\",\"url\":\"https:\/\/camping.anticaabbazia.com\/wp-content\/uploads\/2020\/05\/02_LOGO_R-e1589958779306.png\",\"contentUrl\":\"https:\/\/camping.anticaabbazia.com\/wp-content\/uploads\/2020\/05\/02_LOGO_R-e1589958779306.png\",\"width\":103,\"height\":70,\"caption\":\"Ristorante Antica Abbazia Borso del Grappa\"},\"image\":{\"@id\":\"https:\/\/camping.anticaabbazia.com\/#logo\"}},{\"@type\":\"WebSite\",\"@id\":\"https:\/\/camping.anticaabbazia.com\/#website\",\"url\":\"https:\/\/camping.anticaabbazia.com\/\",\"name\":\"Ristorante Antica Abbazia - Borso del Grappa\",\"description\":\"una vacanza all\\u2019insegna dell\\u2019immersione nella natura\",\"publisher\":{\"@id\":\"https:\/\/camping.anticaabbazia.com\/#organization\"},\"potentialAction\":[{\"@type\":\"SearchAction\",\"target\":\"https:\/\/camping.anticaabbazia.com\/?s={search_term_string}\",\"query-input\":\"required name=search_term_string\"}],\"inLanguage\":\"de\"},{\"@type\":\"WebPage\",\"@id\":\"https:\/\/camping.anticaabbazia.com\/de\/gebrauchsanweisung\/#webpage\",\"url\":\"https:\/\/camping.anticaabbazia.com\/de\/gebrauchsanweisung\/\",\"name\":\"Anfahrt | Camping SantaFelicita\",\"isPartOf\":{\"@id\":\"https:\/\/camping.anticaabbazia.com\/#website\"},\"datePublished\":\"2021-05-27T07:43:56+00:00\",\"dateModified\":\"2021-05-27T07:47:50+00:00\",\"breadcrumb\":{\"@id\":\"https:\/\/camping.anticaabbazia.com\/de\/gebrauchsanweisung\/#breadcrumb\"},\"inLanguage\":\"de\",\"potentialAction\":[{\"@type\":\"ReadAction\",\"target\":[\"https:\/\/camping.anticaabbazia.com\/de\/gebrauchsanweisung\/\"]}]},{\"@type\":\"BreadcrumbList\",\"@id\":\"https:\/\/camping.anticaabbazia.com\/de\/gebrauchsanweisung\/#breadcrumb\",\"itemListElement\":[{\"@type\":\"ListItem\",\"position\":1,\"item\":{\"@type\":\"WebPage\",\"@id\":\"https:\/\/camping.anticaabbazia.com\/de\/\",\"url\":\"https:\/\/camping.anticaabbazia.com\/de\/\",\"name\":\"Home\"}},{\"@type\":\"ListItem\",\"position\":2,\"item\":{\"@id\":\"https:\/\/camping.anticaabbazia.com\/de\/gebrauchsanweisung\/#webpage\"}}]}]}<\/script>\n<!-- \/ Yoast SEO plugin. -->","_links":{"self":[{"href":"https:\/\/camping.anticaabbazia.com\/de\/wp-json\/wp\/v2\/pages\/1544"}],"collection":[{"href":"https:\/\/camping.anticaabbazia.com\/de\/wp-json\/wp\/v2\/pages"}],"about":[{"href":"https:\/\/camping.anticaabbazia.com\/de\/wp-json\/wp\/v2\/types\/page"}],"author":[{"embeddable":true,"href":"https:\/\/camping.anticaabbazia.com\/de\/wp-json\/wp\/v2\/users\/1"}],"replies":[{"embeddable":true,"href":"https:\/\/camping.anticaabbazia.com\/de\/wp-json\/wp\/v2\/comments?post=1544"}],"version-history":[{"count":1,"href":"https:\/\/camping.anticaabbazia.com\/de\/wp-json\/wp\/v2\/pages\/1544\/revisions"}],"predecessor-version":[{"id":1546,"href":"https:\/\/camping.anticaabbazia.com\/de\/wp-json\/wp\/v2\/pages\/1544\/revisions\/1546"}],"wp:attachment":[{"href":"https:\/\/camping.anticaabbazia.com\/de\/wp-json\/wp\/v2\/media?parent=1544"}],"curies":[{"name":"wp","href":"https:\/\/api.w.org\/{rel}","templated":true}]}}