{"id":2400,"date":"2022-09-20T13:00:42","date_gmt":"2022-09-20T11:00:42","guid":{"rendered":"https:\/\/camping.anticaabbazia.com\/piazzole\/"},"modified":"2022-12-15T17:46:44","modified_gmt":"2022-12-15T16:46:44","slug":"stellplatze","status":"publish","type":"page","link":"https:\/\/camping.anticaabbazia.com\/de\/stellplatze\/","title":{"rendered":"STELLPL\u00c4TZE"},"content":{"rendered":"\n<figure class=\"wp-block-pullquote\"><blockquote><p><strong>Nur ein&nbsp;Buch&nbsp;liegt offen vor aller Augen:&nbsp;das Buch der Natur.<\/strong> <\/p><cite>(Jean-Jacques Rousseau)<\/cite><\/blockquote><\/figure>\n\n\n\n<p>Der Aufenthalt auf unserem Campingplatz bietet Ihnen unvergessliche Erlebnisse inmitten der Natur, zwischen den Ebenen und Bergen, wo die T\u00e4ler und W\u00e4lder unvergessliche Ausblicke bieten.<\/p>\n\n\n\n<p>Unsere einfachen, aber komfortablen Stellpl\u00e4tze bieten Ihnen die M\u00f6glichkeit, einen Urlaub in der Natur zu erleben. Alle Stellpl\u00e4tze sind mit Strom- und Wasseranschl\u00fcssen ausgestattet.<\/p>\n","protected":false},"excerpt":{"rendered":"<p>Nur ein&nbsp;Buch&nbsp;liegt offen vor aller Augen:&nbsp;das Buch der Natur. (Jean-Jacques Rousseau) Der Aufenthalt auf unserem Campingplatz bietet Ihnen unvergessliche Erlebnisse inmitten der Natur, zwischen den Ebenen und Bergen, wo die T\u00e4ler und W\u00e4lder unvergessliche Ausblicke bieten. Unsere einfachen, aber komfortablen Stellpl\u00e4tze bieten Ihnen die M\u00f6glichkeit, einen Urlaub in der Natur zu erleben. Alle Stellpl\u00e4tze sind [&hellip;]<\/p>\n","protected":false},"author":1,"featured_media":2169,"parent":0,"menu_order":0,"comment_status":"closed","ping_status":"closed","template":"template-blocchi-23.php","meta":[],"yoast_head":"<!-- This site is optimized with the Yoast SEO plugin v16.2 - https:\/\/yoast.com\/wordpress\/plugins\/seo\/ -->\n<meta name=\"robots\" content=\"index, follow, max-snippet:-1, max-image-preview:large, max-video-preview:-1\" \/>\n<link rel=\"canonical\" href=\"https:\/\/camping.anticaabbazia.com\/de\/stellplatze\/\" \/>\n<meta property=\"og:locale\" content=\"de_DE\" \/>\n<meta property=\"og:type\" content=\"article\" \/>\n<meta property=\"og:title\" content=\"STELLPL\u00c4TZE | Camping SantaFelicita\" \/>\n<meta property=\"og:description\" content=\"Nur ein&nbsp;Buch&nbsp;liegt offen vor aller Augen:&nbsp;das Buch der Natur. (Jean-Jacques Rousseau) Der Aufenthalt auf unserem Campingplatz bietet Ihnen unvergessliche Erlebnisse inmitten der Natur, zwischen den Ebenen und Bergen, wo die T\u00e4ler und W\u00e4lder unvergessliche Ausblicke bieten. Unsere einfachen, aber komfortablen Stellpl\u00e4tze bieten Ihnen die M\u00f6glichkeit, einen Urlaub in der Natur zu erleben. Alle Stellpl\u00e4tze sind [&hellip;]\" \/>\n<meta property=\"og:url\" content=\"https:\/\/camping.anticaabbazia.com\/de\/stellplatze\/\" \/>\n<meta property=\"og:site_name\" content=\"Camping SantaFelicita\" \/>\n<meta property=\"article:publisher\" content=\"https:\/\/www.facebook.com\/ristoranteanticaabbazia\/\" \/>\n<meta property=\"article:modified_time\" content=\"2022-12-15T16:46:44+00:00\" \/>\n<meta name=\"twitter:card\" content=\"summary_large_image\" \/>\n<meta name=\"twitter:label1\" content=\"Gesch\u00e4tzte Lesezeit\">\n\t<meta name=\"twitter:data1\" content=\"1\u00a0Minute\">\n<script type=\"application\/ld+json\" class=\"yoast-schema-graph\">{\"@context\":\"https:\/\/schema.org\",\"@graph\":[{\"@type\":\"Organization\",\"@id\":\"https:\/\/camping.anticaabbazia.com\/#organization\",\"name\":\"Ristorante Antica Abbazia Borso del Grappa\",\"url\":\"https:\/\/camping.anticaabbazia.com\/\",\"sameAs\":[\"https:\/\/www.facebook.com\/ristoranteanticaabbazia\/\",\"https:\/\/www.instagram.com\/anticaabbazia\/\"],\"logo\":{\"@type\":\"ImageObject\",\"@id\":\"https:\/\/camping.anticaabbazia.com\/#logo\",\"inLanguage\":\"de\",\"url\":\"https:\/\/camping.anticaabbazia.com\/wp-content\/uploads\/2020\/05\/02_LOGO_R-e1589958779306.png\",\"contentUrl\":\"https:\/\/camping.anticaabbazia.com\/wp-content\/uploads\/2020\/05\/02_LOGO_R-e1589958779306.png\",\"width\":103,\"height\":70,\"caption\":\"Ristorante Antica Abbazia Borso del Grappa\"},\"image\":{\"@id\":\"https:\/\/camping.anticaabbazia.com\/#logo\"}},{\"@type\":\"WebSite\",\"@id\":\"https:\/\/camping.anticaabbazia.com\/#website\",\"url\":\"https:\/\/camping.anticaabbazia.com\/\",\"name\":\"Ristorante Antica Abbazia - Borso del Grappa\",\"description\":\"una vacanza all\\u2019insegna dell\\u2019immersione nella natura\",\"publisher\":{\"@id\":\"https:\/\/camping.anticaabbazia.com\/#organization\"},\"potentialAction\":[{\"@type\":\"SearchAction\",\"target\":\"https:\/\/camping.anticaabbazia.com\/?s={search_term_string}\",\"query-input\":\"required name=search_term_string\"}],\"inLanguage\":\"de\"},{\"@type\":\"ImageObject\",\"@id\":\"https:\/\/camping.anticaabbazia.com\/de\/stellplatze\/#primaryimage\",\"inLanguage\":\"de\",\"url\":\"https:\/\/camping.anticaabbazia.com\/wp-content\/uploads\/2022\/11\/IMG_5632.jpg\",\"contentUrl\":\"https:\/\/camping.anticaabbazia.com\/wp-content\/uploads\/2022\/11\/IMG_5632.jpg\",\"width\":1500,\"height\":1000},{\"@type\":\"WebPage\",\"@id\":\"https:\/\/camping.anticaabbazia.com\/de\/stellplatze\/#webpage\",\"url\":\"https:\/\/camping.anticaabbazia.com\/de\/stellplatze\/\",\"name\":\"STELLPL\\u00c4TZE | Camping SantaFelicita\",\"isPartOf\":{\"@id\":\"https:\/\/camping.anticaabbazia.com\/#website\"},\"primaryImageOfPage\":{\"@id\":\"https:\/\/camping.anticaabbazia.com\/de\/stellplatze\/#primaryimage\"},\"datePublished\":\"2022-09-20T11:00:42+00:00\",\"dateModified\":\"2022-12-15T16:46:44+00:00\",\"breadcrumb\":{\"@id\":\"https:\/\/camping.anticaabbazia.com\/de\/stellplatze\/#breadcrumb\"},\"inLanguage\":\"de\",\"potentialAction\":[{\"@type\":\"ReadAction\",\"target\":[\"https:\/\/camping.anticaabbazia.com\/de\/stellplatze\/\"]}]},{\"@type\":\"BreadcrumbList\",\"@id\":\"https:\/\/camping.anticaabbazia.com\/de\/stellplatze\/#breadcrumb\",\"itemListElement\":[{\"@type\":\"ListItem\",\"position\":1,\"item\":{\"@type\":\"WebPage\",\"@id\":\"https:\/\/camping.anticaabbazia.com\/de\/\",\"url\":\"https:\/\/camping.anticaabbazia.com\/de\/\",\"name\":\"Home\"}},{\"@type\":\"ListItem\",\"position\":2,\"item\":{\"@id\":\"https:\/\/camping.anticaabbazia.com\/de\/stellplatze\/#webpage\"}}]}]}<\/script>\n<!-- \/ Yoast SEO plugin. -->","_links":{"self":[{"href":"https:\/\/camping.anticaabbazia.com\/de\/wp-json\/wp\/v2\/pages\/2400"}],"collection":[{"href":"https:\/\/camping.anticaabbazia.com\/de\/wp-json\/wp\/v2\/pages"}],"about":[{"href":"https:\/\/camping.anticaabbazia.com\/de\/wp-json\/wp\/v2\/types\/page"}],"author":[{"embeddable":true,"href":"https:\/\/camping.anticaabbazia.com\/de\/wp-json\/wp\/v2\/users\/1"}],"replies":[{"embeddable":true,"href":"https:\/\/camping.anticaabbazia.com\/de\/wp-json\/wp\/v2\/comments?post=2400"}],"version-history":[{"count":3,"href":"https:\/\/camping.anticaabbazia.com\/de\/wp-json\/wp\/v2\/pages\/2400\/revisions"}],"predecessor-version":[{"id":2407,"href":"https:\/\/camping.anticaabbazia.com\/de\/wp-json\/wp\/v2\/pages\/2400\/revisions\/2407"}],"wp:featuredmedia":[{"embeddable":true,"href":"https:\/\/camping.anticaabbazia.com\/de\/wp-json\/wp\/v2\/media\/2169"}],"wp:attachment":[{"href":"https:\/\/camping.anticaabbazia.com\/de\/wp-json\/wp\/v2\/media?parent=2400"}],"curies":[{"name":"wp","href":"https:\/\/api.w.org\/{rel}","templated":true}]}}