{"id":2408,"date":"2021-05-27T09:34:25","date_gmt":"2021-05-27T07:34:25","guid":{"rendered":"https:\/\/camping.anticaabbazia.com\/servizi\/"},"modified":"2025-06-15T15:18:58","modified_gmt":"2025-06-15T13:18:58","slug":"service","status":"publish","type":"page","link":"https:\/\/camping.anticaabbazia.com\/de\/service\/","title":{"rendered":"SERVICE"},"content":{"rendered":"\n<p>Auf dem Campingplatz Santa Felicita preisen wir die Sch\u00f6nheit eines harmonischen Lebens im Kontakt mit der Natur, wo Gef\u00fchle und Erlebnisse das sind, was unsere G\u00e4ste gerne finden.<\/p>\n","protected":false},"excerpt":{"rendered":"<p>Auf dem Campingplatz Santa Felicita preisen wir die Sch\u00f6nheit eines harmonischen Lebens im Kontakt mit der Natur, wo Gef\u00fchle und Erlebnisse das sind, was unsere G\u00e4ste gerne finden.<\/p>\n","protected":false},"author":1,"featured_media":2193,"parent":0,"menu_order":0,"comment_status":"closed","ping_status":"closed","template":"template-blocchi-23.php","meta":[],"yoast_head":"<!-- This site is optimized with the Yoast SEO plugin v16.2 - https:\/\/yoast.com\/wordpress\/plugins\/seo\/ -->\n<meta name=\"description\" content=\"Da noi all\u2019Hotel Antica Abbazia, ogni dettaglio \u00e8 studiato per accogliere al meglio i nostri ospiti.\" \/>\n<meta name=\"robots\" content=\"index, follow, max-snippet:-1, max-image-preview:large, max-video-preview:-1\" \/>\n<link rel=\"canonical\" href=\"https:\/\/camping.anticaabbazia.com\/de\/service\/\" \/>\n<meta property=\"og:locale\" content=\"de_DE\" \/>\n<meta property=\"og:type\" content=\"article\" \/>\n<meta property=\"og:title\" content=\"SERVICE | Camping SantaFelicita\" \/>\n<meta property=\"og:description\" content=\"Da noi all\u2019Hotel Antica Abbazia, ogni dettaglio \u00e8 studiato per accogliere al meglio i nostri ospiti.\" \/>\n<meta property=\"og:url\" content=\"https:\/\/camping.anticaabbazia.com\/de\/service\/\" \/>\n<meta property=\"og:site_name\" content=\"Camping SantaFelicita\" \/>\n<meta property=\"article:publisher\" content=\"https:\/\/www.facebook.com\/ristoranteanticaabbazia\/\" \/>\n<meta property=\"article:modified_time\" content=\"2025-06-15T13:18:58+00:00\" \/>\n<meta property=\"og:image\" content=\"https:\/\/camping.anticaabbazia.com\/wp-content\/uploads\/2022\/11\/IMG_9016-1.jpg\" \/>\n\t<meta property=\"og:image:width\" content=\"1500\" \/>\n\t<meta property=\"og:image:height\" content=\"1001\" \/>\n<meta name=\"twitter:card\" content=\"summary_large_image\" \/>\n<meta name=\"twitter:label1\" content=\"Gesch\u00e4tzte Lesezeit\">\n\t<meta name=\"twitter:data1\" content=\"1\u00a0Minute\">\n<script type=\"application\/ld+json\" class=\"yoast-schema-graph\">{\"@context\":\"https:\/\/schema.org\",\"@graph\":[{\"@type\":\"Organization\",\"@id\":\"https:\/\/camping.anticaabbazia.com\/#organization\",\"name\":\"Ristorante Antica Abbazia Borso del Grappa\",\"url\":\"https:\/\/camping.anticaabbazia.com\/\",\"sameAs\":[\"https:\/\/www.facebook.com\/ristoranteanticaabbazia\/\",\"https:\/\/www.instagram.com\/anticaabbazia\/\"],\"logo\":{\"@type\":\"ImageObject\",\"@id\":\"https:\/\/camping.anticaabbazia.com\/#logo\",\"inLanguage\":\"de\",\"url\":\"https:\/\/camping.anticaabbazia.com\/wp-content\/uploads\/2020\/05\/02_LOGO_R-e1589958779306.png\",\"contentUrl\":\"https:\/\/camping.anticaabbazia.com\/wp-content\/uploads\/2020\/05\/02_LOGO_R-e1589958779306.png\",\"width\":103,\"height\":70,\"caption\":\"Ristorante Antica Abbazia Borso del Grappa\"},\"image\":{\"@id\":\"https:\/\/camping.anticaabbazia.com\/#logo\"}},{\"@type\":\"WebSite\",\"@id\":\"https:\/\/camping.anticaabbazia.com\/#website\",\"url\":\"https:\/\/camping.anticaabbazia.com\/\",\"name\":\"Ristorante Antica Abbazia - Borso del Grappa\",\"description\":\"una vacanza all\\u2019insegna dell\\u2019immersione nella natura\",\"publisher\":{\"@id\":\"https:\/\/camping.anticaabbazia.com\/#organization\"},\"potentialAction\":[{\"@type\":\"SearchAction\",\"target\":\"https:\/\/camping.anticaabbazia.com\/?s={search_term_string}\",\"query-input\":\"required name=search_term_string\"}],\"inLanguage\":\"de\"},{\"@type\":\"ImageObject\",\"@id\":\"https:\/\/camping.anticaabbazia.com\/de\/service\/#primaryimage\",\"inLanguage\":\"de\",\"url\":\"https:\/\/camping.anticaabbazia.com\/wp-content\/uploads\/2022\/11\/IMG_9016-1.jpg\",\"contentUrl\":\"https:\/\/camping.anticaabbazia.com\/wp-content\/uploads\/2022\/11\/IMG_9016-1.jpg\",\"width\":1500,\"height\":1001},{\"@type\":\"WebPage\",\"@id\":\"https:\/\/camping.anticaabbazia.com\/de\/service\/#webpage\",\"url\":\"https:\/\/camping.anticaabbazia.com\/de\/service\/\",\"name\":\"SERVICE | Camping SantaFelicita\",\"isPartOf\":{\"@id\":\"https:\/\/camping.anticaabbazia.com\/#website\"},\"primaryImageOfPage\":{\"@id\":\"https:\/\/camping.anticaabbazia.com\/de\/service\/#primaryimage\"},\"datePublished\":\"2021-05-27T07:34:25+00:00\",\"dateModified\":\"2025-06-15T13:18:58+00:00\",\"description\":\"Da noi all\\u2019Hotel Antica Abbazia, ogni dettaglio \\u00e8 studiato per accogliere al meglio i nostri ospiti.\",\"breadcrumb\":{\"@id\":\"https:\/\/camping.anticaabbazia.com\/de\/service\/#breadcrumb\"},\"inLanguage\":\"de\",\"potentialAction\":[{\"@type\":\"ReadAction\",\"target\":[\"https:\/\/camping.anticaabbazia.com\/de\/service\/\"]}]},{\"@type\":\"BreadcrumbList\",\"@id\":\"https:\/\/camping.anticaabbazia.com\/de\/service\/#breadcrumb\",\"itemListElement\":[{\"@type\":\"ListItem\",\"position\":1,\"item\":{\"@type\":\"WebPage\",\"@id\":\"https:\/\/camping.anticaabbazia.com\/de\/\",\"url\":\"https:\/\/camping.anticaabbazia.com\/de\/\",\"name\":\"Home\"}},{\"@type\":\"ListItem\",\"position\":2,\"item\":{\"@id\":\"https:\/\/camping.anticaabbazia.com\/de\/service\/#webpage\"}}]}]}<\/script>\n<!-- \/ Yoast SEO plugin. -->","_links":{"self":[{"href":"https:\/\/camping.anticaabbazia.com\/de\/wp-json\/wp\/v2\/pages\/2408"}],"collection":[{"href":"https:\/\/camping.anticaabbazia.com\/de\/wp-json\/wp\/v2\/pages"}],"about":[{"href":"https:\/\/camping.anticaabbazia.com\/de\/wp-json\/wp\/v2\/types\/page"}],"author":[{"embeddable":true,"href":"https:\/\/camping.anticaabbazia.com\/de\/wp-json\/wp\/v2\/users\/1"}],"replies":[{"embeddable":true,"href":"https:\/\/camping.anticaabbazia.com\/de\/wp-json\/wp\/v2\/comments?post=2408"}],"version-history":[{"count":3,"href":"https:\/\/camping.anticaabbazia.com\/de\/wp-json\/wp\/v2\/pages\/2408\/revisions"}],"predecessor-version":[{"id":2565,"href":"https:\/\/camping.anticaabbazia.com\/de\/wp-json\/wp\/v2\/pages\/2408\/revisions\/2565"}],"wp:featuredmedia":[{"embeddable":true,"href":"https:\/\/camping.anticaabbazia.com\/de\/wp-json\/wp\/v2\/media\/2193"}],"wp:attachment":[{"href":"https:\/\/camping.anticaabbazia.com\/de\/wp-json\/wp\/v2\/media?parent=2408"}],"curies":[{"name":"wp","href":"https:\/\/api.w.org\/{rel}","templated":true}]}}